{"id":42,"date":"2022-06-20T13:28:00","date_gmt":"2022-06-20T11:28:00","guid":{"rendered":"https:\/\/themes.getmotopress.com\/palmeria\/?page_id=42"},"modified":"2026-01-02T15:31:26","modified_gmt":"2026-01-02T14:31:26","slug":"welcome-to-clos-de-mont-july","status":"publish","type":"page","link":"https:\/\/closdemontjuly.fr\/","title":{"rendered":"Bienvenue au Clos de Mont July"},"content":{"rendered":"","protected":false},"excerpt":{"rendered":"<p>Le Clos de Mont July est situ\u00e9 \u00e0 proximit\u00e9 de Bourg-en-Bresse. Nous proposons quatre chambres de qualit\u00e9 dans un cadre exceptionnel. Cette demeure historique vous s\u00e9duira par son charme et son confort. <\/p>\n","protected":false},"author":1,"featured_media":2252,"parent":0,"menu_order":0,"comment_status":"closed","ping_status":"closed","template":"template-front-page.php","meta":{"inline_featured_image":false,"_monsterinsights_skip_tracking":false,"_monsterinsights_sitenote_active":false,"_monsterinsights_sitenote_note":"","_monsterinsights_sitenote_category":0,"footnotes":""},"class_list":["post-42","page","type-page","status-publish","has-post-thumbnail","hentry"],"_links":{"self":[{"href":"https:\/\/closdemontjuly.fr\/index.php\/wp-json\/wp\/v2\/pages\/42","targetHints":{"allow":["GET"]}}],"collection":[{"href":"https:\/\/closdemontjuly.fr\/index.php\/wp-json\/wp\/v2\/pages"}],"about":[{"href":"https:\/\/closdemontjuly.fr\/index.php\/wp-json\/wp\/v2\/types\/page"}],"author":[{"embeddable":true,"href":"https:\/\/closdemontjuly.fr\/index.php\/wp-json\/wp\/v2\/users\/1"}],"replies":[{"embeddable":true,"href":"https:\/\/closdemontjuly.fr\/index.php\/wp-json\/wp\/v2\/comments?post=42"}],"version-history":[{"count":3,"href":"https:\/\/closdemontjuly.fr\/index.php\/wp-json\/wp\/v2\/pages\/42\/revisions"}],"predecessor-version":[{"id":1532,"href":"https:\/\/closdemontjuly.fr\/index.php\/wp-json\/wp\/v2\/pages\/42\/revisions\/1532"}],"wp:featuredmedia":[{"embeddable":true,"href":"https:\/\/closdemontjuly.fr\/index.php\/wp-json\/wp\/v2\/media\/2252"}],"wp:attachment":[{"href":"https:\/\/closdemontjuly.fr\/index.php\/wp-json\/wp\/v2\/media?parent=42"}],"curies":[{"name":"wp","href":"https:\/\/api.w.org\/{rel}","templated":true}]}}