{"id":152,"date":"2026-02-26T08:31:23","date_gmt":"2026-02-26T07:31:23","guid":{"rendered":"https:\/\/themes.getmotopress.com\/palmeria\/?page_id=152"},"modified":"2026-02-26T08:33:41","modified_gmt":"2026-02-26T07:33:41","slug":"quefaire","status":"publish","type":"page","link":"https:\/\/closdemontjuly.fr\/index.php\/quefaire\/","title":{"rendered":"Se restaurer"},"content":{"rendered":"\n<p class=\"has-text-align-center\"><strong><em>Le chef Fred<\/em><\/strong> vous permet de vous restaurer le soir au <strong>Clos de Mont July<\/strong>. <strong>A pr\u00e9ciser lors de la r\u00e9servation<\/strong>.<\/p>\n\n\n\n<div style=\"height:30px\" class=\"wp-block-spacer\"><\/div>\n\n\n\n<div class=\"wp-block-columns has-3-columns is-layout-flex wp-container-core-columns-is-layout-9d6595d7 wp-block-columns-is-layout-flex\">\n<div class=\"wp-block-column is-layout-flow wp-block-column-is-layout-flow\">\n<figure class=\"wp-block-image size-full is-resized\"><img loading=\"lazy\" decoding=\"async\" width=\"2560\" height=\"1920\" src=\"http:\/\/closdemontjuly.fr\/wp-content\/uploads\/2025\/08\/1752091238624-scaled.jpg\" alt=\"\" class=\"wp-image-2111\" style=\"width:221px;height:auto\" srcset=\"https:\/\/closdemontjuly.fr\/wp-content\/uploads\/2025\/08\/1752091238624-scaled.jpg 2560w, https:\/\/closdemontjuly.fr\/wp-content\/uploads\/2025\/08\/1752091238624-300x225.jpg 300w, https:\/\/closdemontjuly.fr\/wp-content\/uploads\/2025\/08\/1752091238624-1024x768.jpg 1024w, https:\/\/closdemontjuly.fr\/wp-content\/uploads\/2025\/08\/1752091238624-768x576.jpg 768w, https:\/\/closdemontjuly.fr\/wp-content\/uploads\/2025\/08\/1752091238624-1536x1152.jpg 1536w, https:\/\/closdemontjuly.fr\/wp-content\/uploads\/2025\/08\/1752091238624-2048x1536.jpg 2048w, https:\/\/closdemontjuly.fr\/wp-content\/uploads\/2025\/08\/1752091238624-892x669.jpg 892w\" sizes=\"auto, (max-width: 2560px) 100vw, 2560px\" \/><\/figure>\n\n\n\n<h5 class=\"wp-block-heading\"><strong>Planche de charcuterie<\/strong><\/h5>\n\n\n\n<p>Jambon cru, saucisson, fromage, quelques crudit\u00e9s.<\/p>\n\n\n\n<p><\/p>\n<\/div>\n\n\n\n<div class=\"wp-block-column is-layout-flow wp-block-column-is-layout-flow\">\n<figure class=\"wp-block-image size-full is-resized\"><img loading=\"lazy\" decoding=\"async\" width=\"1324\" height=\"938\" src=\"http:\/\/closdemontjuly.fr\/wp-content\/uploads\/2025\/07\/unnamed-1.png\" alt=\"\" class=\"wp-image-2102\" style=\"aspect-ratio:1.4115619884552426;width:239px;height:auto\" srcset=\"https:\/\/closdemontjuly.fr\/wp-content\/uploads\/2025\/07\/unnamed-1.png 1324w, https:\/\/closdemontjuly.fr\/wp-content\/uploads\/2025\/07\/unnamed-1-300x213.png 300w, https:\/\/closdemontjuly.fr\/wp-content\/uploads\/2025\/07\/unnamed-1-1024x725.png 1024w, https:\/\/closdemontjuly.fr\/wp-content\/uploads\/2025\/07\/unnamed-1-768x544.png 768w, https:\/\/closdemontjuly.fr\/wp-content\/uploads\/2025\/07\/unnamed-1-892x632.png 892w\" sizes=\"auto, (max-width: 1324px) 100vw, 1324px\" \/><\/figure>\n\n\n\n<h5 class=\"wp-block-heading\"><strong>Poulet de Bresse<\/strong><\/h5>\n\n\n\n<p>Le fameux de notre r\u00e9gion.  R\u00f4ti ou \u00e0 la cr\u00e8me de Bresse bien entendu.<\/p>\n\n\n\n<p><\/p>\n<\/div>\n\n\n\n<div class=\"wp-block-column is-layout-flow wp-block-column-is-layout-flow\">\n<figure class=\"wp-block-image size-full\"><img loading=\"lazy\" decoding=\"async\" width=\"877\" height=\"581\" src=\"https:\/\/closdemontjuly.fr\/wp-content\/uploads\/2026\/02\/FG-assiette-1.jpg\" alt=\"\" class=\"wp-image-2308\" srcset=\"https:\/\/closdemontjuly.fr\/wp-content\/uploads\/2026\/02\/FG-assiette-1.jpg 877w, https:\/\/closdemontjuly.fr\/wp-content\/uploads\/2026\/02\/FG-assiette-1-300x199.jpg 300w, https:\/\/closdemontjuly.fr\/wp-content\/uploads\/2026\/02\/FG-assiette-1-768x509.jpg 768w, https:\/\/closdemontjuly.fr\/wp-content\/uploads\/2026\/02\/FG-assiette-1-150x100.jpg 150w\" sizes=\"auto, (max-width: 877px) 100vw, 877px\" \/><\/figure>\n\n\n\n<h5 class=\"wp-block-heading\"><strong>Foie gras de canard<\/strong><\/h5>\n\n\n\n<p>Foie gras mi-cuit et sa compot\u00e9e de figues.<\/p>\n<\/div>\n<\/div>\n\n\n\n<div class=\"wp-block-columns has-3-columns is-layout-flex wp-container-core-columns-is-layout-9d6595d7 wp-block-columns-is-layout-flex\">\n<div class=\"wp-block-column is-layout-flow wp-block-column-is-layout-flow\">\n<figure class=\"wp-block-image size-full is-resized\"><img loading=\"lazy\" decoding=\"async\" width=\"2560\" height=\"1920\" src=\"http:\/\/closdemontjuly.fr\/wp-content\/uploads\/2025\/07\/IMG_20231220_190948-scaled.jpg\" alt=\"\" class=\"wp-image-2090\" style=\"width:231px;height:auto\" srcset=\"https:\/\/closdemontjuly.fr\/wp-content\/uploads\/2025\/07\/IMG_20231220_190948-scaled.jpg 2560w, https:\/\/closdemontjuly.fr\/wp-content\/uploads\/2025\/07\/IMG_20231220_190948-300x225.jpg 300w, https:\/\/closdemontjuly.fr\/wp-content\/uploads\/2025\/07\/IMG_20231220_190948-1024x768.jpg 1024w, https:\/\/closdemontjuly.fr\/wp-content\/uploads\/2025\/07\/IMG_20231220_190948-768x576.jpg 768w, https:\/\/closdemontjuly.fr\/wp-content\/uploads\/2025\/07\/IMG_20231220_190948-1536x1152.jpg 1536w, https:\/\/closdemontjuly.fr\/wp-content\/uploads\/2025\/07\/IMG_20231220_190948-2048x1536.jpg 2048w, https:\/\/closdemontjuly.fr\/wp-content\/uploads\/2025\/07\/IMG_20231220_190948-892x669.jpg 892w\" sizes=\"auto, (max-width: 2560px) 100vw, 2560px\" \/><\/figure>\n\n\n\n<h5 class=\"wp-block-heading\"><strong>Planche vari\u00e9e<\/strong><\/h5>\n\n\n\n<p>Jambon cru, fromage, crudit\u00e9s, fruits.<\/p>\n<\/div>\n\n\n\n<div class=\"wp-block-column is-layout-flow wp-block-column-is-layout-flow\">\n<figure class=\"wp-block-image size-full is-resized size-large\"><img loading=\"lazy\" decoding=\"async\" width=\"640\" height=\"480\" src=\"https:\/\/closdemontjuly.fr\/wp-content\/uploads\/2026\/02\/image-12.png\" alt=\"\" class=\"wp-image-2304\" style=\"width:227px;height:auto\" srcset=\"https:\/\/closdemontjuly.fr\/wp-content\/uploads\/2026\/02\/image-12.png 640w, https:\/\/closdemontjuly.fr\/wp-content\/uploads\/2026\/02\/image-12-300x225.png 300w\" sizes=\"auto, (max-width: 640px) 100vw, 640px\" \/><\/figure>\n\n\n\n<h5 class=\"wp-block-heading\"><strong>Supr\u00eame de volaille <\/strong><\/h5>\n\n\n\n<p>Un incontournable ! Aux morilles<\/p>\n<\/div>\n\n\n\n<div class=\"wp-block-column is-layout-flow wp-block-column-is-layout-flow\">\n<figure class=\"wp-block-image size-full\"><img loading=\"lazy\" decoding=\"async\" width=\"900\" height=\"600\" src=\"https:\/\/closdemontjuly.fr\/wp-content\/uploads\/2026\/02\/vins-du-bugey.jpg\" alt=\"\" class=\"wp-image-2309\" srcset=\"https:\/\/closdemontjuly.fr\/wp-content\/uploads\/2026\/02\/vins-du-bugey.jpg 900w, https:\/\/closdemontjuly.fr\/wp-content\/uploads\/2026\/02\/vins-du-bugey-300x200.jpg 300w, https:\/\/closdemontjuly.fr\/wp-content\/uploads\/2026\/02\/vins-du-bugey-768x512.jpg 768w, https:\/\/closdemontjuly.fr\/wp-content\/uploads\/2026\/02\/vins-du-bugey-892x594.jpg 892w, https:\/\/closdemontjuly.fr\/wp-content\/uploads\/2026\/02\/vins-du-bugey-150x100.jpg 150w\" sizes=\"auto, (max-width: 900px) 100vw, 900px\" \/><\/figure>\n\n\n\n<h5 class=\"wp-block-heading\"><strong>Vins du Bugey<\/strong><\/h5>\n\n\n\n<p>Vous ne les connaissez pas encore ? Une occasion de les d\u00e9couvrir<\/p>\n<\/div>\n<\/div>\n\n\n\n<p><\/p>\n\n\n\n<p>C&rsquo;est d\u00e9sormais <strong>un chef<\/strong> Fred Mieussey qui se met \u00e0 la disposition de nos clients pour offrir une restauration haut de gamme. Ce service est propos\u00e9 par le <strong>Clos de Mont July<\/strong> pour les h\u00f4tes qui ne souhaitent pas sortir pour se restaurer. Tout est pr\u00e9par\u00e9 sur place avec les produits de saison et locaux. Le chef vous fera d\u00e9couvrir la cuisine bressane : poulet de Bresse, supr\u00eame de volaille aux morilles, foie gras, quenelles de brochet sauce Nantua, poissons de lac ou de rivi\u00e8re comme omble chevalier, brochet, truite&#8230;quant aux desserts ! C&rsquo;est la surprise. <\/p>\n\n\n\n<p><strong>Le menu du chef est \u00e0 35\u20ac<\/strong> &#8211; entr\u00e9e, plat, dessert avec un verre de vin. Le service est assur\u00e9 pour 2 personnes minimum. Menu servi entre 19h30 et 20h30. <\/p>\n\n\n\n<p>A commander en r\u00e9servant votre nuit\u00e9e et \u00e0 consommer sur place, toujours dans le d\u00e9cor sublime du <strong>Clos de Mont July<\/strong>&#8230;<\/p>\n\n\n\n<p>Pour une petite faim, <strong>la planche<\/strong> <strong>\u00e0 20\u20ac <\/strong>(charcuterie, fromage). <\/p>\n\n\n\n<p><\/p>\n","protected":false},"excerpt":{"rendered":"<p>Le chef Fred vous permet de vous restaurer le soir au Clos de Mont July. A pr\u00e9ciser lors de la r\u00e9servation. Planche de charcuterie Jambon cru, saucisson, fromage, quelques crudit\u00e9s. Poulet de Bresse Le fameux de notre r\u00e9gion. R\u00f4ti ou \u00e0 la cr\u00e8me de Bresse bien entendu. Foie gras de canard Foie gras mi-cuit et [&hellip;]<\/p>\n","protected":false},"author":1,"featured_media":749,"parent":0,"menu_order":0,"comment_status":"closed","ping_status":"closed","template":"template-wide-page.php","meta":{"inline_featured_image":false,"_monsterinsights_skip_tracking":false,"_monsterinsights_sitenote_active":false,"_monsterinsights_sitenote_note":"","_monsterinsights_sitenote_category":0,"footnotes":""},"class_list":["post-152","page","type-page","status-publish","has-post-thumbnail","hentry"],"_links":{"self":[{"href":"https:\/\/closdemontjuly.fr\/index.php\/wp-json\/wp\/v2\/pages\/152","targetHints":{"allow":["GET"]}}],"collection":[{"href":"https:\/\/closdemontjuly.fr\/index.php\/wp-json\/wp\/v2\/pages"}],"about":[{"href":"https:\/\/closdemontjuly.fr\/index.php\/wp-json\/wp\/v2\/types\/page"}],"author":[{"embeddable":true,"href":"https:\/\/closdemontjuly.fr\/index.php\/wp-json\/wp\/v2\/users\/1"}],"replies":[{"embeddable":true,"href":"https:\/\/closdemontjuly.fr\/index.php\/wp-json\/wp\/v2\/comments?post=152"}],"version-history":[{"count":38,"href":"https:\/\/closdemontjuly.fr\/index.php\/wp-json\/wp\/v2\/pages\/152\/revisions"}],"predecessor-version":[{"id":2310,"href":"https:\/\/closdemontjuly.fr\/index.php\/wp-json\/wp\/v2\/pages\/152\/revisions\/2310"}],"wp:featuredmedia":[{"embeddable":true,"href":"https:\/\/closdemontjuly.fr\/index.php\/wp-json\/wp\/v2\/media\/749"}],"wp:attachment":[{"href":"https:\/\/closdemontjuly.fr\/index.php\/wp-json\/wp\/v2\/media?parent=152"}],"curies":[{"name":"wp","href":"https:\/\/api.w.org\/{rel}","templated":true}]}}