{"id":130,"date":"2022-06-20T14:42:00","date_gmt":"2022-06-20T12:42:00","guid":{"rendered":"https:\/\/themes.getmotopress.com\/palmeria\/?page_id=130"},"modified":"2026-03-28T17:36:42","modified_gmt":"2026-03-28T16:36:42","slug":"closdemontjuly","status":"publish","type":"page","link":"https:\/\/closdemontjuly.fr\/index.php\/closdemontjuly\/","title":{"rendered":"Chambres d&rsquo;h\u00f4tes de charme pr\u00e8s de Bourg en Bresse &#8211; Clos de Mont July &#8211;"},"content":{"rendered":"\n<div class=\"wp-block-columns has-2-columns is-layout-flex wp-container-core-columns-is-layout-9d6595d7 wp-block-columns-is-layout-flex\">\n<div class=\"wp-block-column is-layout-flow wp-block-column-is-layout-flow\">\n<figure class=\"wp-block-image size-large\"><img loading=\"lazy\" decoding=\"async\" width=\"1024\" height=\"576\" src=\"https:\/\/closdemontjuly.fr\/wp-content\/uploads\/2025\/12\/aerienne-1024x576.jpg\" alt=\"\" class=\"wp-image-2163\" srcset=\"https:\/\/closdemontjuly.fr\/wp-content\/uploads\/2025\/12\/aerienne-1024x576.jpg 1024w, https:\/\/closdemontjuly.fr\/wp-content\/uploads\/2025\/12\/aerienne-300x169.jpg 300w, https:\/\/closdemontjuly.fr\/wp-content\/uploads\/2025\/12\/aerienne-768x432.jpg 768w, https:\/\/closdemontjuly.fr\/wp-content\/uploads\/2025\/12\/aerienne-1536x864.jpg 1536w, https:\/\/closdemontjuly.fr\/wp-content\/uploads\/2025\/12\/aerienne-2048x1152.jpg 2048w, https:\/\/closdemontjuly.fr\/wp-content\/uploads\/2025\/12\/aerienne-892x502.jpg 892w\" sizes=\"auto, (max-width: 1024px) 100vw, 1024px\" \/><\/figure>\n<\/div>\n\n\n\n<div class=\"wp-block-column is-layout-flow wp-block-column-is-layout-flow\">\n<p>Bienvenue au <strong>Clos de Mont July<\/strong>, une maison d\u2019h\u00f4tes de caract\u00e8re situ\u00e9e \u00e0 Ceyz\u00e9riat, \u00e0 quelques minutes de Bourg-en-Bresse, au c\u0153ur de l\u2019Ain.<\/p>\n\n\n\n<p>Nich\u00e9e dans une demeure du XIXe si\u00e8cle entour\u00e9e de plusieurs hectares de parc, notre maison d\u2019h\u00f4tes vous accueille pour un s\u00e9jour plac\u00e9 sous le signe du calme, du raffinement et de la nature. Que vous soyez en week-end romantique, en escapade en Bresse ou en d\u00e9placement dans la r\u00e9gion, vous trouverez ici un lieu unique pour vous ressourcer.<\/p>\n\n\n\n<p><\/p>\n<\/div>\n<\/div>\n\n\n\n<hr class=\"wp-block-separator has-css-opacity is-style-wide\"\/>\n\n\n\n<div class=\"wp-block-columns has-2-columns is-layout-flex wp-container-core-columns-is-layout-9d6595d7 wp-block-columns-is-layout-flex\">\n<div class=\"wp-block-column is-layout-flow wp-block-column-is-layout-flow\">\n<h2 class=\"wp-block-heading\">Un s\u00e9jour d&rsquo;exception en chambres d&rsquo;h\u00f4tes <\/h2>\n\n\n\n<figure class=\"wp-block-gallery has-nested-images columns-default is-cropped wp-block-gallery-1 is-layout-flex wp-block-gallery-is-layout-flex\">\n<figure class=\"wp-block-image size-large\"><img loading=\"lazy\" decoding=\"async\" width=\"1024\" height=\"768\" data-id=\"2086\" src=\"https:\/\/closdemontjuly.fr\/wp-content\/uploads\/2022\/06\/CHAMBRE-BLEUE-V2-1024x768.jpg\" alt=\"Chambre sup\u00e9rieure\" class=\"wp-image-2086\" srcset=\"https:\/\/closdemontjuly.fr\/wp-content\/uploads\/2022\/06\/CHAMBRE-BLEUE-V2-1024x768.jpg 1024w, https:\/\/closdemontjuly.fr\/wp-content\/uploads\/2022\/06\/CHAMBRE-BLEUE-V2-300x225.jpg 300w, https:\/\/closdemontjuly.fr\/wp-content\/uploads\/2022\/06\/CHAMBRE-BLEUE-V2-768x576.jpg 768w, https:\/\/closdemontjuly.fr\/wp-content\/uploads\/2022\/06\/CHAMBRE-BLEUE-V2-1536x1152.jpg 1536w, https:\/\/closdemontjuly.fr\/wp-content\/uploads\/2022\/06\/CHAMBRE-BLEUE-V2-2048x1536.jpg 2048w, https:\/\/closdemontjuly.fr\/wp-content\/uploads\/2022\/06\/CHAMBRE-BLEUE-V2-892x669.jpg 892w\" sizes=\"auto, (max-width: 1024px) 100vw, 1024px\" \/><\/figure>\n<\/figure>\n<\/div>\n\n\n\n<div class=\"wp-block-column is-layout-flow wp-block-column-is-layout-flow\">\n<p>Le <strong>Clos de Mont July<\/strong> propose plusieurs chambres d\u2019h\u00f4tes de charme, d\u00e9cor\u00e9es avec soin et offrant tout le confort n\u00e9cessaire :<\/p>\n\n\n\n<ul class=\"wp-block-list\">\n<li>suite de luxe avec vue sur le parc<\/li>\n\n\n\n<li>suite familiale spacieuse<\/li>\n\n\n\n<li>chambre romantique avec terrasse<\/li>\n\n\n\n<li>chambre mansard\u00e9e climatis\u00e9e<\/li>\n<\/ul>\n\n\n\n<p>Chaque chambre allie \u00e9l\u00e9gance, authenticit\u00e9 et modernit\u00e9, dans un cadre paisible \u00e0 proximit\u00e9 imm\u00e9diate de Bourg-en-Bresse.<\/p>\n<\/div>\n<\/div>\n\n\n\n<hr class=\"wp-block-separator has-css-opacity is-style-wide\"\/>\n\n\n\n<div class=\"wp-block-columns is-layout-flex wp-container-core-columns-is-layout-9d6595d7 wp-block-columns-is-layout-flex\">\n<div class=\"wp-block-column is-layout-flow wp-block-column-is-layout-flow\" style=\"flex-basis:100%\">\n<div class=\"wp-block-columns is-layout-flex wp-container-core-columns-is-layout-9d6595d7 wp-block-columns-is-layout-flex\">\n<div class=\"wp-block-column is-layout-flow wp-block-column-is-layout-flow\">\n<h2 class=\"wp-block-heading\">Une localisation id\u00e9ale<\/h2>\n\n\n\n<figure class=\"wp-block-image size-full\"><img loading=\"lazy\" decoding=\"async\" width=\"755\" height=\"573\" src=\"https:\/\/closdemontjuly.fr\/wp-content\/uploads\/2025\/12\/Carte.jpg\" alt=\"\" class=\"wp-image-2206\" srcset=\"https:\/\/closdemontjuly.fr\/wp-content\/uploads\/2025\/12\/Carte.jpg 755w, https:\/\/closdemontjuly.fr\/wp-content\/uploads\/2025\/12\/Carte-300x228.jpg 300w\" sizes=\"auto, (max-width: 755px) 100vw, 755px\" \/><\/figure>\n<\/div>\n\n\n\n<div class=\"wp-block-column is-layout-flow wp-block-column-is-layout-flow\">\n<p>Le <strong>Clos de Mont July<\/strong> est un \u00e9tablissement 4* situ\u00e9 dans l&rsquo;Ain, sur les flancs du Revermont \u00e0 8 km de Bourg-en-Bresse. Il b\u00e9n\u00e9ficie d&rsquo;une situation strat\u00e9gique, desservi par une gare TGV qui le met \u00e0 1h50 de Paris et 1h20 de Gen\u00e8ve. L&rsquo;autoroute A40 et ses sorties N\u00b06 et N\u00b07 permettent de rejoindre le <strong>Clos de Mont July <\/strong>en 15 mn. Nous sommes situ\u00e9s au point rouge sous Bourg-en-Bresse<\/p>\n\n\n\n<p>Le <strong>Clos de Mont July <\/strong>est le stop id\u00e9al pour nos visiteurs des Hauts de France mais aussi belges, hollandais et allemands qui descendent vers le Sud en empruntant l&rsquo;A39.<\/p>\n<\/div>\n<\/div>\n\n\n\n<div class=\"wp-block-columns is-layout-flex wp-container-core-columns-is-layout-9d6595d7 wp-block-columns-is-layout-flex\">\n<div class=\"wp-block-column is-layout-flow wp-block-column-is-layout-flow\">\n<div class=\"wp-block-columns are-vertically-aligned-bottom is-layout-flex wp-container-core-columns-is-layout-9d6595d7 wp-block-columns-is-layout-flex\">\n<div class=\"wp-block-column is-layout-flow wp-block-column-is-layout-flow\"><\/div>\n\n\n\n<div class=\"wp-block-column is-layout-flow wp-block-column-is-layout-flow\"><\/div>\n<\/div>\n\n\n\n<hr class=\"wp-block-separator has-alpha-channel-opacity is-style-wide\"\/>\n<\/div>\n<\/div>\n<\/div>\n<\/div>\n\n\n\n<div style=\"height:14px\" aria-hidden=\"true\" class=\"wp-block-spacer\"><\/div>\n\n\n\n<div class=\"wp-block-columns is-layout-flex wp-container-core-columns-is-layout-9d6595d7 wp-block-columns-is-layout-flex\">\n<div class=\"wp-block-column is-layout-flow wp-block-column-is-layout-flow\">\n<h2 class=\"wp-block-heading\">Tourisme dans l&rsquo;Ain<\/h2>\n\n\n\n<figure class=\"wp-block-image size-large\"><img loading=\"lazy\" decoding=\"async\" width=\"1024\" height=\"638\" src=\"https:\/\/closdemontjuly.fr\/wp-content\/uploads\/2025\/12\/Monastere_royal_de_Brou_eglise_1-1024x638.jpg\" alt=\"\" class=\"wp-image-2189\" srcset=\"https:\/\/closdemontjuly.fr\/wp-content\/uploads\/2025\/12\/Monastere_royal_de_Brou_eglise_1-1024x638.jpg 1024w, https:\/\/closdemontjuly.fr\/wp-content\/uploads\/2025\/12\/Monastere_royal_de_Brou_eglise_1-300x187.jpg 300w, https:\/\/closdemontjuly.fr\/wp-content\/uploads\/2025\/12\/Monastere_royal_de_Brou_eglise_1-768x479.jpg 768w, https:\/\/closdemontjuly.fr\/wp-content\/uploads\/2025\/12\/Monastere_royal_de_Brou_eglise_1-892x556.jpg 892w, https:\/\/closdemontjuly.fr\/wp-content\/uploads\/2025\/12\/Monastere_royal_de_Brou_eglise_1.jpg 1280w\" sizes=\"auto, (max-width: 1024px) 100vw, 1024px\" \/><\/figure>\n<\/div>\n\n\n\n<div class=\"wp-block-column is-layout-flow wp-block-column-is-layout-flow\">\n<p>Situ\u00e9e \u00e0 seulement quelques minutes de Bourg-en-Bresse, notre maison d\u2019h\u00f4tes est le point de d\u00e9part id\u00e9al pour explorer la r\u00e9gion :<\/p>\n\n\n\n<p>Le monast\u00e8re royal de Brou \u00e0 Bourg-en-Bresse (8km), le ch\u00e2teau Renaissance de Fl\u00e9ch\u00e8res (47km), la cit\u00e9 m\u00e9di\u00e9vale de P\u00e9rouges (33km), le ch\u00e2teau XVIIe de Cormatin (63km), le val lamartinien avec l&rsquo;abbaye de Cluny (60 km), le maconnais et sa route des vins avec un point de vue \u00e0 Solutr\u00e9 (48 km). Dans la Dombe : Chatillon\/Chalaronne et son typique march\u00e9 du samedi matin, en Bresse ce sera Louhans et sa foire \u00e0 la volaille du lundi matin&#8230;<\/p>\n\n\n\n<p>Pour les amoureux de la nature, les gorges de l&rsquo;Ain, le lac de Nantua, le lac de G\u00e9nin, les pentes du Revermont, le circuit des \u00e9tangs de la Dombe et le parc des oiseaux de Villars-les -Dombes (31 km)&#8230;<\/p>\n\n\n\n<p>Que vous soyez amateur de patrimoine, de nature ou de d\u00e9tente, votre s\u00e9jour en chambre d\u2019h\u00f4tes \u00e0 deux pas de Bourg-en-Bresse dans l\u2019Ain sera riche en d\u00e9couvertes.<\/p>\n<\/div>\n<\/div>\n\n\n\n<p><\/p>\n\n\n\n<p><\/p>\n\n\n\n<p><\/p>\n","protected":false},"excerpt":{"rendered":"<p>Bienvenue au Clos de Mont July, une maison d\u2019h\u00f4tes de caract\u00e8re situ\u00e9e \u00e0 Ceyz\u00e9riat, \u00e0 quelques minutes de Bourg-en-Bresse, au c\u0153ur de l\u2019Ain. Nich\u00e9e dans une demeure du XIXe si\u00e8cle entour\u00e9e de plusieurs hectares de parc, notre maison d\u2019h\u00f4tes vous accueille pour un s\u00e9jour plac\u00e9 sous le signe du calme, du raffinement et de la [&hellip;]<\/p>\n","protected":false},"author":1,"featured_media":694,"parent":0,"menu_order":0,"comment_status":"closed","ping_status":"closed","template":"template-wide-page.php","meta":{"inline_featured_image":false,"_monsterinsights_skip_tracking":false,"_monsterinsights_sitenote_active":false,"_monsterinsights_sitenote_note":"","_monsterinsights_sitenote_category":0,"footnotes":""},"class_list":["post-130","page","type-page","status-publish","has-post-thumbnail","hentry"],"_links":{"self":[{"href":"https:\/\/closdemontjuly.fr\/index.php\/wp-json\/wp\/v2\/pages\/130","targetHints":{"allow":["GET"]}}],"collection":[{"href":"https:\/\/closdemontjuly.fr\/index.php\/wp-json\/wp\/v2\/pages"}],"about":[{"href":"https:\/\/closdemontjuly.fr\/index.php\/wp-json\/wp\/v2\/types\/page"}],"author":[{"embeddable":true,"href":"https:\/\/closdemontjuly.fr\/index.php\/wp-json\/wp\/v2\/users\/1"}],"replies":[{"embeddable":true,"href":"https:\/\/closdemontjuly.fr\/index.php\/wp-json\/wp\/v2\/comments?post=130"}],"version-history":[{"count":40,"href":"https:\/\/closdemontjuly.fr\/index.php\/wp-json\/wp\/v2\/pages\/130\/revisions"}],"predecessor-version":[{"id":2338,"href":"https:\/\/closdemontjuly.fr\/index.php\/wp-json\/wp\/v2\/pages\/130\/revisions\/2338"}],"wp:featuredmedia":[{"embeddable":true,"href":"https:\/\/closdemontjuly.fr\/index.php\/wp-json\/wp\/v2\/media\/694"}],"wp:attachment":[{"href":"https:\/\/closdemontjuly.fr\/index.php\/wp-json\/wp\/v2\/media?parent=130"}],"curies":[{"name":"wp","href":"https:\/\/api.w.org\/{rel}","templated":true}]}}